{"id":5345,"date":"2025-03-18T14:09:50","date_gmt":"2025-03-18T13:09:50","guid":{"rendered":"https:\/\/ann-lmt.com\/?page_id=5345"},"modified":"2025-03-26T11:04:23","modified_gmt":"2025-03-26T10:04:23","slug":"pour-lassociatif","status":"publish","type":"page","link":"https:\/\/ann-lmt.com\/?page_id=5345","title":{"rendered":"Pour l&rsquo;associatif"},"content":{"rendered":"\t\t<div data-elementor-type=\"wp-page\" data-elementor-id=\"5345\" class=\"elementor elementor-5345\" data-elementor-post-type=\"page\">\n\t\t\t\t<div class=\"elementor-element elementor-element-04af4f4 e-flex e-con-boxed e-con e-parent\" data-id=\"04af4f4\" data-element_type=\"container\" data-e-type=\"container\" data-settings=\"{&quot;background_background&quot;:&quot;classic&quot;,&quot;background_motion_fx_motion_fx_scrolling&quot;:&quot;yes&quot;,&quot;background_motion_fx_devices&quot;:[&quot;desktop&quot;,&quot;tablet&quot;,&quot;mobile&quot;]}\">\n\t\t\t\t\t<div class=\"e-con-inner\">\n\t\t<div class=\"elementor-element elementor-element-48dd816 e-con-full e-flex e-con e-child\" data-id=\"48dd816\" data-element_type=\"container\" data-e-type=\"container\" data-settings=\"{&quot;background_background&quot;:&quot;gradient&quot;}\">\n\t\t\t\t<div class=\"elementor-element elementor-element-ad6b6dc elementor-widget elementor-widget-heading\" data-id=\"ad6b6dc\" data-element_type=\"widget\" data-e-type=\"widget\" data-widget_type=\"heading.default\">\n\t\t\t\t<div class=\"elementor-widget-container\">\n\t\t\t\t\t<h2 class=\"elementor-heading-title elementor-size-default\">Pour le \nsecteur \nassociatif<\/h2>\t\t\t\t<\/div>\n\t\t\t\t<\/div>\n\t\t\t\t<\/div>\n\t\t\t\t\t<\/div>\n\t\t\t\t<\/div>\n\t\t<div class=\"elementor-element elementor-element-e2ef9f7 e-flex e-con-boxed e-con e-parent\" data-id=\"e2ef9f7\" data-element_type=\"container\" data-e-type=\"container\">\n\t\t\t\t\t<div class=\"e-con-inner\">\n\t\t<div class=\"elementor-element elementor-element-a2e53d2 e-con-full e-flex e-con e-child\" data-id=\"a2e53d2\" data-element_type=\"container\" data-e-type=\"container\">\n\t\t\t\t<div class=\"elementor-element elementor-element-bbdcff6 elementor-widget elementor-widget-text-editor\" data-id=\"bbdcff6\" data-element_type=\"widget\" data-e-type=\"widget\" data-widget_type=\"text-editor.default\">\n\t\t\t\t<div class=\"elementor-widget-container\">\n\t\t\t\t\t\t\t\t\t<p data-start=\"36\" data-end=\"186\">Vous \u00eates une association qui \u0153uvre en faveur de la biodiversit\u00e9, du climat, du bien-\u00eatre animal, de l&rsquo;acc\u00e8s \u00e0 l&rsquo;\u00e9ducation, de la justice sociale&#8230;<\/p><p data-start=\"188\" data-end=\"337\">En tant qu&rsquo;association, vous ne disposez pas toujours d\u2019un budget \u00e0 consacrer au d\u00e9veloppement de comp\u00e9tences pour am\u00e9liorer votre support interne.<\/p><p data-start=\"339\" data-end=\"637\">Qu&rsquo;\u00e0 cela ne tienne ! Je vous propose gracieusement mon expertise lors de courts moments d&rsquo;\u00e9change en ligne, afin de vous aider \u00e0 sortir d&rsquo;une impasse, obtenir un conseil, une marche \u00e0 suivre, un avis\u2026 Bref, des ressources qui vous permettront, au final, de mieux accomplir vos missions de base !<\/p><p data-start=\"639\" data-end=\"801\">Quelques heures par mois sont disponibles dans mon calendrier \u00e0 cet effet. <a href=\"https:\/\/calendly.com\/annlambotte\/30min\">R\u00e9servez votre moment en ligne<\/a>.\u00a0<\/p><p data-start=\"639\" data-end=\"801\"><strong>Pour des parcours plus denses, nous examinons ensemble le soutien le plus adapt\u00e9 au meilleur tarif.<\/strong><\/p>\t\t\t\t\t\t\t\t<\/div>\n\t\t\t\t<\/div>\n\t\t\t\t<\/div>\n\t\t\t\t\t<\/div>\n\t\t\t\t<\/div>\n\t\t<div class=\"elementor-element elementor-element-155bce1 e-flex e-con-boxed e-con e-parent\" data-id=\"155bce1\" data-element_type=\"container\" data-e-type=\"container\">\n\t\t\t\t\t<div class=\"e-con-inner\">\n\t\t\t\t<div class=\"elementor-element elementor-element-e454cd3 elementor-widget-divider--view-line elementor-widget elementor-widget-divider\" data-id=\"e454cd3\" data-element_type=\"widget\" data-e-type=\"widget\" data-widget_type=\"divider.default\">\n\t\t\t\t<div class=\"elementor-widget-container\">\n\t\t\t\t\t\t\t<div class=\"elementor-divider\">\n\t\t\t<span class=\"elementor-divider-separator\">\n\t\t\t\t\t\t<\/span>\n\t\t<\/div>\n\t\t\t\t\t\t<\/div>\n\t\t\t\t<\/div>\n\t\t\t\t\t<\/div>\n\t\t\t\t<\/div>\n\t\t<div class=\"elementor-element elementor-element-a640491 e-flex e-con-boxed e-con e-parent\" data-id=\"a640491\" data-element_type=\"container\" data-e-type=\"container\">\n\t\t\t\t\t<div class=\"e-con-inner\">\n\t\t\t\t<div class=\"elementor-element elementor-element-9dbf5d9 elementor-widget elementor-widget-spacer\" data-id=\"9dbf5d9\" data-element_type=\"widget\" data-e-type=\"widget\" data-widget_type=\"spacer.default\">\n\t\t\t\t<div class=\"elementor-widget-container\">\n\t\t\t\t\t\t\t<div class=\"elementor-spacer\">\n\t\t\t<div class=\"elementor-spacer-inner\"><\/div>\n\t\t<\/div>\n\t\t\t\t\t\t<\/div>\n\t\t\t\t<\/div>\n\t\t\t\t\t<\/div>\n\t\t\t\t<\/div>\n\t\t<div class=\"elementor-element elementor-element-69155fd e-flex e-con-boxed e-con e-parent\" data-id=\"69155fd\" data-element_type=\"container\" data-e-type=\"container\">\n\t\t\t\t\t<div class=\"e-con-inner\">\n\t\t<div class=\"elementor-element elementor-element-d9353ba e-con-full e-flex e-con e-child\" data-id=\"d9353ba\" data-element_type=\"container\" data-e-type=\"container\" data-settings=\"{&quot;background_background&quot;:&quot;classic&quot;}\">\n\t\t\t\t<div class=\"elementor-element elementor-element-b857ac0 elementor-widget elementor-widget-heading\" data-id=\"b857ac0\" data-element_type=\"widget\" data-e-type=\"widget\" data-widget_type=\"heading.default\">\n\t\t\t\t<div class=\"elementor-widget-container\">\n\t\t\t\t\t<h2 class=\"elementor-heading-title elementor-size-default\">Exemples de ressources<\/h2>\t\t\t\t<\/div>\n\t\t\t\t<\/div>\n\t\t\t\t<\/div>\n\t\t<div class=\"elementor-element elementor-element-65ce54a e-con-full e-flex e-con e-child\" data-id=\"65ce54a\" data-element_type=\"container\" data-e-type=\"container\">\n\t\t\t\t<div class=\"elementor-element elementor-element-7960fc5 elementor-widget elementor-widget-text-editor\" data-id=\"7960fc5\" data-element_type=\"widget\" data-e-type=\"widget\" data-widget_type=\"text-editor.default\">\n\t\t\t\t<div class=\"elementor-widget-container\">\n\t\t\t\t\t\t\t\t\t<p><strong>Ressources type coaching et facilitation<\/strong><\/p>\n<ul>\n<li>Int\u00e9grer quelques outils de coaching dans vos pratiques ou pour des moments complexes<\/li><li>Communication interpersonnelle<\/li>\n<li>Faciliter un processus participatif et en am\u00e9liorer le sc\u00e9nario<\/li>\n<li>S&rsquo;am\u00e9liorer en animation d&rsquo;intervisions, ateliers de co-d\u00e9veloppement&#8230;<\/li>\n<\/ul>\t\t\t\t\t\t\t\t<\/div>\n\t\t\t\t<\/div>\n\t\t\t\t<div class=\"elementor-element elementor-element-fdc4975 elementor-widget elementor-widget-text-editor\" data-id=\"fdc4975\" data-element_type=\"widget\" data-e-type=\"widget\" data-widget_type=\"text-editor.default\">\n\t\t\t\t<div class=\"elementor-widget-container\">\n\t\t\t\t\t\t\t\t\t<p><strong>Ressources en gestion de changement<\/strong><\/p><ul><li data-ogsc=\"rgb(0, 0, 0)\"><div class=\"x_elementToProof\" data-ogsc=\"\">Analyser les \u00ab\u00a0r\u00e9sistances\u00a0\u00bb et y r\u00e9agir\u00a0<\/div><\/li><li>Structurer des strat\u00e9gies de changement<\/li><li data-ogsc=\"rgb(0, 0, 0)\"><div class=\"x_elementToProof\" data-ogsc=\"\">Construire des plans d&rsquo;action adapt\u00e9s aux enjeux et aux publics<\/div><\/li><li data-ogsc=\"rgb(0, 0, 0)\"><div class=\"x_elementToProof\" data-ogsc=\"\">Identifier les efforts strat\u00e9giques \u00e0 privil\u00e9gier<\/div><\/li><li data-ogsc=\"rgb(0, 0, 0)\"><div class=\"x_elementToProof\" data-ogsc=\"\">Collaborer de mani\u00e8re participative, tout en \u00e9vitant certains pi\u00e8ges<\/div><\/li><\/ul>\t\t\t\t\t\t\t\t<\/div>\n\t\t\t\t<\/div>\n\t\t\t\t<div class=\"elementor-element elementor-element-b28129d elementor-widget elementor-widget-text-editor\" data-id=\"b28129d\" data-element_type=\"widget\" data-e-type=\"widget\" data-widget_type=\"text-editor.default\">\n\t\t\t\t<div class=\"elementor-widget-container\">\n\t\t\t\t\t\t\t\t\t<p><strong>Ressources RH-projet<\/strong><\/p><ul><li>Mise en place d&rsquo;une nouvelle culture de travail<\/li><li>Mise en place d&rsquo;un processus d&rsquo;\u00e9valuation<\/li><li>Travailler par objectifs<\/li><li>Cr\u00e9er un plan de management pluriannuel<\/li><li>Analyser les besoins en formations et \u00e9tablir un plan de d\u00e9veloppement<\/li><li>D\u00e9velopper la culture du feedback<\/li><\/ul>\t\t\t\t\t\t\t\t<\/div>\n\t\t\t\t<\/div>\n\t\t\t\t<div class=\"elementor-element elementor-element-8454168 elementor-widget elementor-widget-text-editor\" data-id=\"8454168\" data-element_type=\"widget\" data-e-type=\"widget\" data-widget_type=\"text-editor.default\">\n\t\t\t\t<div class=\"elementor-widget-container\">\n\t\t\t\t\t\t\t\t\t<p><strong>Ressources RH-processus :<\/strong><\/p>\n<ul>\n<li>D\u00e9finition et gestion de comp\u00e9tences pour votre personnel<\/li>\n<li>Evaluation de votre personnel<\/li>\n<li>Am\u00e9liorer vos entretiens de recrutement<\/li>\n<\/ul>\t\t\t\t\t\t\t\t<\/div>\n\t\t\t\t<\/div>\n\t\t\t\t<\/div>\n\t\t\t\t\t<\/div>\n\t\t\t\t<\/div>\n\t\t<div class=\"elementor-element elementor-element-5cfae83 e-flex e-con-boxed e-con e-parent\" data-id=\"5cfae83\" data-element_type=\"container\" data-e-type=\"container\">\n\t\t\t\t\t<div class=\"e-con-inner\">\n\t\t\t\t<div class=\"elementor-element elementor-element-aa49ade elementor-widget elementor-widget-spacer\" data-id=\"aa49ade\" data-element_type=\"widget\" data-e-type=\"widget\" data-widget_type=\"spacer.default\">\n\t\t\t\t<div class=\"elementor-widget-container\">\n\t\t\t\t\t\t\t<div class=\"elementor-spacer\">\n\t\t\t<div class=\"elementor-spacer-inner\"><\/div>\n\t\t<\/div>\n\t\t\t\t\t\t<\/div>\n\t\t\t\t<\/div>\n\t\t\t\t\t<\/div>\n\t\t\t\t<\/div>\n\t\t<div class=\"elementor-element elementor-element-5832b5d e-con-full e-flex e-con e-parent\" data-id=\"5832b5d\" data-element_type=\"container\" data-e-type=\"container\" data-settings=\"{&quot;background_background&quot;:&quot;classic&quot;}\">\n\t\t<div class=\"elementor-element elementor-element-97f0d87 e-con-full e-flex e-con e-child\" data-id=\"97f0d87\" data-element_type=\"container\" data-e-type=\"container\">\n\t\t<div class=\"elementor-element elementor-element-4b62955 e-con-full e-flex e-con e-child\" data-id=\"4b62955\" data-element_type=\"container\" data-e-type=\"container\">\n\t\t\t\t<div class=\"elementor-element elementor-element-8c49ff8 elementor-widget__width-initial elementor-widget elementor-widget-image\" data-id=\"8c49ff8\" data-element_type=\"widget\" data-e-type=\"widget\" data-widget_type=\"image.default\">\n\t\t\t\t<div class=\"elementor-widget-container\">\n\t\t\t\t\t\t\t\t\t\t\t\t\t\t\t<img fetchpriority=\"high\" decoding=\"async\" width=\"574\" height=\"571\" src=\"https:\/\/ann-lmt.com\/wp-content\/uploads\/2025\/02\/IMG_4769.webp\" class=\"attachment-large size-large wp-image-5299\" alt=\"\" srcset=\"https:\/\/ann-lmt.com\/wp-content\/uploads\/2025\/02\/IMG_4769.webp 574w, https:\/\/ann-lmt.com\/wp-content\/uploads\/2025\/02\/IMG_4769-300x298.webp 300w, https:\/\/ann-lmt.com\/wp-content\/uploads\/2025\/02\/IMG_4769-150x150.webp 150w\" sizes=\"(max-width: 574px) 100vw, 574px\" \/>\t\t\t\t\t\t\t\t\t\t\t\t\t\t\t<\/div>\n\t\t\t\t<\/div>\n\t\t\t\t<\/div>\n\t\t\t\t<\/div>\n\t\t<div class=\"elementor-element elementor-element-a795581 e-con-full e-flex e-con e-child\" data-id=\"a795581\" data-element_type=\"container\" data-e-type=\"container\">\n\t\t\t\t<div class=\"elementor-element elementor-element-5a0bc14 elementor-widget elementor-widget-text-editor\" data-id=\"5a0bc14\" data-element_type=\"widget\" data-e-type=\"widget\" data-widget_type=\"text-editor.default\">\n\t\t\t\t<div class=\"elementor-widget-container\">\n\t\t\t\t\t\t\t\t\t<p>2025 &#8211; ann-lmt.com &#8211; Mentor &amp; coach<\/p>\t\t\t\t\t\t\t\t<\/div>\n\t\t\t\t<\/div>\n\t\t\t\t<div class=\"elementor-element elementor-element-d476ad8 elementor-widget elementor-widget-text-editor\" data-id=\"d476ad8\" data-element_type=\"widget\" data-e-type=\"widget\" data-widget_type=\"text-editor.default\">\n\t\t\t\t<div class=\"elementor-widget-container\">\n\t\t\t\t\t\t\t\t\t<p>Mentorat &amp; coaching en gestion du changement<\/p>\t\t\t\t\t\t\t\t<\/div>\n\t\t\t\t<\/div>\n\t\t\t\t<\/div>\n\t\t<div class=\"elementor-element elementor-element-de350c4 e-con-full e-flex e-con e-child\" data-id=\"de350c4\" data-element_type=\"container\" data-e-type=\"container\">\n\t\t\t\t<div class=\"elementor-element elementor-element-4d6ca01 elementor-widget elementor-widget-text-editor\" data-id=\"4d6ca01\" data-element_type=\"widget\" data-e-type=\"widget\" data-widget_type=\"text-editor.default\">\n\t\t\t\t<div class=\"elementor-widget-container\">\n\t\t\t\t\t\t\t\t\t<p>ann.lambotte@gmail.com<\/p>\t\t\t\t\t\t\t\t<\/div>\n\t\t\t\t<\/div>\n\t\t\t\t<div class=\"elementor-element elementor-element-b7bfde3 elementor-widget elementor-widget-image\" data-id=\"b7bfde3\" data-element_type=\"widget\" data-e-type=\"widget\" data-widget_type=\"image.default\">\n\t\t\t\t<div class=\"elementor-widget-container\">\n\t\t\t\t\t\t\t\t\t\t\t\t\t\t\t<img decoding=\"async\" width=\"1024\" height=\"228\" src=\"https:\/\/ann-lmt.com\/wp-content\/uploads\/2025\/02\/IMG_4738-1024x228.png\" class=\"attachment-large size-large wp-image-5048\" alt=\"\" srcset=\"https:\/\/ann-lmt.com\/wp-content\/uploads\/2025\/02\/IMG_4738-1024x228.png 1024w, https:\/\/ann-lmt.com\/wp-content\/uploads\/2025\/02\/IMG_4738-300x67.png 300w, https:\/\/ann-lmt.com\/wp-content\/uploads\/2025\/02\/IMG_4738-768x171.png 768w, https:\/\/ann-lmt.com\/wp-content\/uploads\/2025\/02\/IMG_4738-1536x342.png 1536w, https:\/\/ann-lmt.com\/wp-content\/uploads\/2025\/02\/IMG_4738-2048x457.png 2048w, https:\/\/ann-lmt.com\/wp-content\/uploads\/2025\/02\/IMG_4738-1200x267.png 1200w\" sizes=\"(max-width: 1024px) 100vw, 1024px\" \/>\t\t\t\t\t\t\t\t\t\t\t\t\t\t\t<\/div>\n\t\t\t\t<\/div>\n\t\t\t\t<\/div>\n\t\t\t\t<\/div>\n\t\t\t\t<\/div>\n\t\t","protected":false},"excerpt":{"rendered":"<p>Pour le secteur associatif Vous \u00eates une association qui \u0153uvre en faveur de la biodiversit\u00e9, du climat, du bien-\u00eatre animal, de l&rsquo;acc\u00e8s \u00e0 l&rsquo;\u00e9ducation, de la justice sociale&#8230; En tant qu&rsquo;association, vous ne disposez pas toujours d\u2019un budget \u00e0 consacrer au d\u00e9veloppement de comp\u00e9tences pour am\u00e9liorer votre support interne. Qu&rsquo;\u00e0 cela ne tienne ! Je [&hellip;]<\/p>\n","protected":false},"author":1,"featured_media":0,"parent":0,"menu_order":0,"comment_status":"closed","ping_status":"closed","template":"page-elementor.php","meta":{"footnotes":""},"class_list":["post-5345","page","type-page","status-publish","hentry"],"_links":{"self":[{"href":"https:\/\/ann-lmt.com\/index.php?rest_route=\/wp\/v2\/pages\/5345","targetHints":{"allow":["GET"]}}],"collection":[{"href":"https:\/\/ann-lmt.com\/index.php?rest_route=\/wp\/v2\/pages"}],"about":[{"href":"https:\/\/ann-lmt.com\/index.php?rest_route=\/wp\/v2\/types\/page"}],"author":[{"embeddable":true,"href":"https:\/\/ann-lmt.com\/index.php?rest_route=\/wp\/v2\/users\/1"}],"replies":[{"embeddable":true,"href":"https:\/\/ann-lmt.com\/index.php?rest_route=%2Fwp%2Fv2%2Fcomments&post=5345"}],"version-history":[{"count":29,"href":"https:\/\/ann-lmt.com\/index.php?rest_route=\/wp\/v2\/pages\/5345\/revisions"}],"predecessor-version":[{"id":5391,"href":"https:\/\/ann-lmt.com\/index.php?rest_route=\/wp\/v2\/pages\/5345\/revisions\/5391"}],"wp:attachment":[{"href":"https:\/\/ann-lmt.com\/index.php?rest_route=%2Fwp%2Fv2%2Fmedia&parent=5345"}],"curies":[{"name":"wp","href":"https:\/\/api.w.org\/{rel}","templated":true}]}}